{"id":287,"date":"2021-04-14T09:48:14","date_gmt":"2021-04-14T09:48:14","guid":{"rendered":"https:\/\/thanhchinguyen.com\/?page_id=287"},"modified":"2025-01-28T03:08:09","modified_gmt":"2025-01-28T03:08:09","slug":"hai-tuan-du-ngoan-nuoc-uc","status":"publish","type":"page","link":"https:\/\/thanhchinguyen.com\/","title":{"rendered":"Hai Tu\u1ea7n Du Ngo\u1ea1n N\u01b0\u1edbc \u00dac"},"content":{"rendered":"\n<div class=\"wp-block-columns is-layout-flex wp-container-core-columns-is-layout-9d6595d7 wp-block-columns-is-layout-flex\">\n<div class=\"wp-block-column is-layout-flow wp-block-column-is-layout-flow\" style=\"flex-basis:100%\">\n<figure class=\"wp-block-gallery has-nested-images columns-default is-cropped wp-block-gallery-1 is-layout-flex wp-block-gallery-is-layout-flex\">\n<figure class=\"wp-block-image size-large\"><img loading=\"lazy\" decoding=\"async\" width=\"640\" height=\"1024\" data-id=\"37\" src=\"https:\/\/thanhchinguyen.com\/wp-content\/uploads\/2019\/08\/1cover-640x1024.jpg\" alt=\"\" class=\"wp-image-37\" srcset=\"https:\/\/thanhchinguyen.com\/wp-content\/uploads\/2019\/08\/1cover-640x1024.jpg 640w, https:\/\/thanhchinguyen.com\/wp-content\/uploads\/2019\/08\/1cover-188x300.jpg 188w, https:\/\/thanhchinguyen.com\/wp-content\/uploads\/2019\/08\/1cover-768x1228.jpg 768w, https:\/\/thanhchinguyen.com\/wp-content\/uploads\/2019\/08\/1cover.jpg 1563w\" sizes=\"auto, (max-width: 640px) 100vw, 640px\" \/><\/figure>\n\n\n\n<figure class=\"wp-block-image size-large\"><img loading=\"lazy\" decoding=\"async\" width=\"322\" height=\"522\" data-id=\"346\" src=\"https:\/\/thanhchinguyen.com\/wp-content\/uploads\/2021\/04\/Anh1305a.jpg\" alt=\"\" class=\"wp-image-346\" srcset=\"https:\/\/thanhchinguyen.com\/wp-content\/uploads\/2021\/04\/Anh1305a.jpg 322w, https:\/\/thanhchinguyen.com\/wp-content\/uploads\/2021\/04\/Anh1305a-185x300.jpg 185w\" sizes=\"auto, (max-width: 322px) 100vw, 322px\" \/><\/figure>\n\n\n\n<figure class=\"wp-block-image size-large\"><img loading=\"lazy\" decoding=\"async\" width=\"700\" height=\"509\" data-id=\"347\" src=\"https:\/\/thanhchinguyen.com\/wp-content\/uploads\/2021\/04\/Anh1305b-700x509.jpg\" alt=\"\" class=\"wp-image-347\" srcset=\"https:\/\/thanhchinguyen.com\/wp-content\/uploads\/2021\/04\/Anh1305b-700x509.jpg 700w, https:\/\/thanhchinguyen.com\/wp-content\/uploads\/2021\/04\/Anh1305b-300x218.jpg 300w, https:\/\/thanhchinguyen.com\/wp-content\/uploads\/2021\/04\/Anh1305b-768x559.jpg 768w, https:\/\/thanhchinguyen.com\/wp-content\/uploads\/2021\/04\/Anh1305b-800x582.jpg 800w, https:\/\/thanhchinguyen.com\/wp-content\/uploads\/2021\/04\/Anh1305b.jpg 862w\" sizes=\"auto, (max-width: 700px) 100vw, 700px\" \/><\/figure>\n<\/figure>\n\n\n\n<p>Cu\u1ed1n s\u00e1ch n\u00e0y ra \u0111\u1eddi ho\u00e0n to\u00e0n t\u00ecnh c\u1edd. V\u00e0o d\u1ecbp Gi\u00e1ng Sinh 2018 v\u00e0 n\u0103m m\u1edbi 2019, t\u00f4i sang \u00dac th\u0103m ch\u1ecb g\u00e1i trong v\u00f2ng hai tu\u1ea7n. Khi \u0111i Sydney ch\u01a1i, t\u00f4i c\u00f3 gh\u00e9 th\u0103m m\u1ed9t ng\u01b0\u1eddi b\u1ea1n h\u1ecdc c\u0169 r\u1ed3i \u0111\u0103ng h\u00ecnh l\u00ean Facebook c\u1ee7a nh\u00f3m. M\u1ed9t ng\u01b0\u1eddi b\u1ea1n \u0111\u00e3 h\u1ecfi th\u00f4ng tin v\u1ec1 c\u00e1c \u0111i\u1ec3m du l\u1ecbch \u00dac \u0111\u1ec3 tham kh\u1ea3o. Sau khi t\u00f4i \u0111\u0103ng nh\u1eadt k\u00fd du l\u1ecbch tr\u00ean Facebook th\u00ec \u0111\u01b0\u1ee3c nhi\u1ec1u b\u1ea1n b\u00e8 c\u1ed5 v\u0169, khen ng\u1ee3i. C\u00f3 b\u1ea1n c\u00f2n khuy\u1ebfn kh\u00edch t\u00f4i in th\u00e0nh s\u00e1ch. V\u00e0 t\u00f4i b\u1eaft \u0111\u1ea7u c\u00f3 \u00fd t\u01b0\u1edfng in cu\u1ed1n s\u00e1ch \u0111\u1ea7u ti\u00ean.<\/p>\n\n\n\n<p>Cu\u1ed1n s\u00e1ch n\u00e0y ghi l\u1ea1i c\u1ea3m ngh\u0129 c\u00e1 nh\u00e2n c\u1ee7a t\u00f4i trong hai tu\u1ea7n du ngo\u1ea1n n\u01b0\u1edbc \u00dac. T\u00f4i vi\u1ebft theo d\u1ea1ng nh\u1eadt k\u00fd, m\u00f4 t\u1ea3 l\u1ea1i nh\u1eefng g\u00ec t\u00f4i \u0111\u00e3 ch\u1ee9ng ki\u1ebfn trong chuy\u1ebfn \u0111i. V\u00ec \u0111\u00e2y l\u00e0 l\u1ea7n \u0111\u1ea7u xu\u1ea5t b\u1ea3n, ch\u1eafc ch\u1eafn kh\u00f4ng kh\u1ecfi c\u00f3 nhi\u1ec1u thi\u1ebfu s\u00f3t. T\u00f4i r\u1ea5t mong c\u00e1c \u00fd ki\u1ebfn \u0111\u00f3ng g\u00f3p c\u1ee7a ng\u01b0\u1eddi \u0111\u1ecdc. M\u1ecdi ng\u01b0\u1eddi c\u00f3 th\u1ec3 li\u00ean h\u1ec7 v\u1edbi t\u00f4i qua \u0111\u1ecba ch\u1ec9 email <a href=\"mailto:ncthsg@protonmail.com\">ncthsg@protonmail.com<\/a>. Tr\u00e2n tr\u1ecdng c\u00e1m \u01a1n.<\/p>\n<\/div>\n<\/div>\n\n\n\n<blockquote class=\"wp-block-quote is-layout-flow wp-block-quote-is-layout-flow\">\n<p>Truy\u1ec7n hay qu\u00e1, b\u00e0i vi\u1ebft b\u1ed1 c\u1ee5c ch\u1eb7t ch\u1ebd d\u1eabn ch\u1ee9ng t\u1ec9 m\u1ec9 pha chu\u0301t ngh\u1ecb lu\u1eadn bi\u1ec7n ch\u1ee9ng, l\u1ed3ng gh\u00e9p c\u1ea3m ngh\u0129 t\u00e1c gi\u1ea3 kh\u00e9o l\u00e9o, \u0111\u1ec1 d\u1eabn h\u00f3m h\u1ec9nh, c\u00e0ng s\u01b0\u01a1ng gi\u00f3 t\u1eebng tr\u1ea3i c\u00e0ng th\u1ea5y hay v\u00e0 b\u1ea5t ng\u1edd theo th\u1eddi gian, c\u00e0ng \u0111\u1ecdc c\u00e0ng th\u1ea5y tuy\u1ec7t v\u1eddi, t\u00ecnh c\u1ea3m th\u0103ng hoa qua nhi\u1ec1u cung b\u1eadc c\u1ee7a th\u1eddi gian \u2013 Nguy\u1ec5n Bi\u00ean T\u1eadp<\/p>\n<\/blockquote>\n\n\n\n<p>\u2026v\u00e0 m\u1ed9t nh\u1eadn x\u00e9t kh\u00e1c:<\/p>\n\n\n\n<blockquote class=\"wp-block-quote is-layout-flow wp-block-quote-is-layout-flow\">\n<p>B\u1ea1n m\u00ecnh vi\u1ebft v\u0103n hay qu\u00e1, t\u00ecm hi\u1ec3u ki\u1ebfn th\u1ee9c r\u1ea5t s\u00e2u, hay qu\u00e1, r\u1ea5t nhi\u1ec1u ki\u1ebfn th\u1ee9c; khi\u1ebfp, t\u00ecm hi\u1ec3u g\u00ec m\u00e0 k\u1ef9 th\u1ebf, ng\u01b0\u1eddi ta \u1edf n\u01b0\u1edbc n\u00e0y m\u00e0 ch\u1ea3 bi\u1ebft g\u00ec lu\u00f4n, sao l\u0129nh v\u1ef1c n\u00e0o c\u0169ng n\u1eafm s\u00e2u t\u1eadn chi ti\u1ebft, sao b\u1ed9 n\u00e3o ch\u1ee9a h\u1ebft v\u1eady b\u1ea1n ui! \u2013 Nguy\u1ec5n Mai Hu\u1ec7<\/p>\n<\/blockquote>\n\n\n\n<p>C\u00e1c b\u1ea1n h\u00e3y v\u00e0o <a href=\"https:\/\/www.amazon.com\">Amazon.com<\/a> \u0111\u1ec3 mua s\u00e1ch \u1ee7ng h\u1ed9 t\u00e1c gi\u1ea3 nh\u00e9, ch\u1ec9 m\u1ea5t c\u00f3 8.88 USD \u0111\u1ec3 s\u1edf h\u1eefu cu\u1ed1n s\u00e1ch n\u00e0y.<\/p>\n\n\n\n<p>G\u00f5 ch\u1eef \u201cThanh Chi Nguyen\u201d hay \u201cHai Tuan Du Ngoan Nuoc Uc\u201d trong \u00f4 t\u00ecm ki\u1ebfm (search) c\u1ee7a <a href=\"https:\/\/www.amazon.com\/\">Amazon.com<\/a> c\u00e1c b\u1ea1n s\u1ebd t\u00ecm th\u1ea5y cu\u1ed1n s\u00e1ch, ho\u1eb7c nh\u1ea5p v\u00e0o \u0111\u01b0\u1eddng d\u1eabn tr\u1ef1c ti\u1ebfp n\u00e0y: <a href=\"https:\/\/www.amazon.co.uk\/dp\/1082384291\/\">Hai Tu\u1ea7n Du Ngo\u1ea1n N\u01b0\u1edbc \u00dac<\/a>. Ch\u00fac m\u1ecdi ng\u01b0\u1eddi c\u00f3 nh\u1eefng gi\u00e2y ph\u00fat \u0111\u1ecdc s\u00e1ch vui v\u1ebb.<\/p>\n\n\n\n<pre class=\"wp-block-preformatted\">  <p style=\"font-family:book antiqua\" <span=\"\" class=\"has-inline-color has-vivid-purple-color\"><strong><\/strong> S\u00e1ch \u0111\u00e3 ch\u00ednh th\u1ee9c xu\u1ea5t b\u1ea3n t\u1ea1i Vi\u1ec7t Nam (gi\u00e1 r\u1ebb h\u01a1n, in \u0111\u1eb9p h\u01a1n tr\u00ean Amazon). C\u00e1c b\u1ea1n nh\u1ea5p chu\u1ed9t v\u00e0o \u0111\u01b0\u1eddng d\u1eabn tr\u1ef1c ti\u1ebfp b\u00ean d\u01b0\u1edbi \u0111\u1ec3 mua s\u00e1ch nh\u00e9:\n<strong><a href=\"https:\/\/tiki.vn\/hai-tuan-du-ngoan-nuoc-uc-p69480788.html\">Tiki<\/a>\n<\/strong>   \n<p style=\"font-family:book antiqua\" <span=\"\" class=\"has-inline-color has-vivid-purple-color\"><strong>M\u1edbi c\u1eadp nh\u1eadt:<\/strong> B\u1ea3n ti\u1ebfng Anh (Two-week Journey in Australia) \u0111\u00e3 ch\u00ednh th\u1ee9c ra m\u1eaft theo \u0111\u01b0\u1eddng d\u1eabn b\u00ean d\u01b0\u1edbi:\n<strong><a href=\"https:\/\/www.amazon.com\/dp\/B0DPXN6DXV\">Amazon<\/a>\n<\/strong><\/p><\/pre>\n","protected":false},"excerpt":{"rendered":"<p>Cu\u1ed1n s\u00e1ch n\u00e0y ra \u0111\u1eddi ho\u00e0n to\u00e0n t\u00ecnh c\u1edd. V\u00e0o d\u1ecbp Gi\u00e1ng Sinh 2018 v\u00e0 n\u0103m m\u1edbi 2019, t\u00f4i sang \u00dac th\u0103m ch\u1ecb g\u00e1i trong v\u00f2ng hai tu\u1ea7n. Khi \u0111i Sydney ch\u01a1i, t\u00f4i c\u00f3 gh\u00e9 th\u0103m m\u1ed9t ng\u01b0\u1eddi b\u1ea1n h\u1ecdc c\u0169 r\u1ed3i \u0111\u0103ng h\u00ecnh l\u00ean Facebook c\u1ee7a nh\u00f3m. M\u1ed9t ng\u01b0\u1eddi b\u1ea1n \u0111\u00e3 h\u1ecfi th\u00f4ng tin&#8230;<\/p>\n","protected":false},"author":1,"featured_media":0,"parent":0,"menu_order":0,"comment_status":"closed","ping_status":"closed","template":"","meta":{"footnotes":""},"class_list":["post-287","page","type-page","status-publish","hentry"],"yoast_head":"<!-- This site is optimized with the Yoast SEO plugin v27.2 - https:\/\/yoast.com\/product\/yoast-seo-wordpress\/ -->\n<title>Hai Tu\u1ea7n Du Ngo\u1ea1n N\u01b0\u1edbc \u00dac - Thanh Nguyen<\/title>\n<meta name=\"robots\" content=\"index, follow, max-snippet:-1, max-image-preview:large, max-video-preview:-1\" \/>\n<link rel=\"canonical\" href=\"https:\/\/thanhchinguyen.com\/\" \/>\n<meta property=\"og:locale\" content=\"en_US\" \/>\n<meta property=\"og:type\" content=\"article\" \/>\n<meta property=\"og:title\" content=\"Hai Tu\u1ea7n Du Ngo\u1ea1n N\u01b0\u1edbc \u00dac - Thanh Nguyen\" \/>\n<meta property=\"og:description\" content=\"Cu\u1ed1n s\u00e1ch n\u00e0y ra \u0111\u1eddi ho\u00e0n to\u00e0n t\u00ecnh c\u1edd. V\u00e0o d\u1ecbp Gi\u00e1ng Sinh 2018 v\u00e0 n\u0103m m\u1edbi 2019, t\u00f4i sang \u00dac th\u0103m ch\u1ecb g\u00e1i trong v\u00f2ng hai tu\u1ea7n. Khi \u0111i Sydney ch\u01a1i, t\u00f4i c\u00f3 gh\u00e9 th\u0103m m\u1ed9t ng\u01b0\u1eddi b\u1ea1n h\u1ecdc c\u0169 r\u1ed3i \u0111\u0103ng h\u00ecnh l\u00ean Facebook c\u1ee7a nh\u00f3m. M\u1ed9t ng\u01b0\u1eddi b\u1ea1n \u0111\u00e3 h\u1ecfi th\u00f4ng tin...\" \/>\n<meta property=\"og:url\" content=\"https:\/\/thanhchinguyen.com\/\" \/>\n<meta property=\"og:site_name\" content=\"Thanh Nguyen\" \/>\n<meta property=\"article:modified_time\" content=\"2025-01-28T03:08:09+00:00\" \/>\n<meta property=\"og:image\" content=\"https:\/\/thanhchinguyen.com\/wp-content\/uploads\/2019\/08\/1cover-640x1024.jpg\" \/>\n\t<meta property=\"og:image:width\" content=\"640\" \/>\n\t<meta property=\"og:image:height\" content=\"1024\" \/>\n\t<meta property=\"og:image:type\" content=\"image\/jpeg\" \/>\n<meta name=\"twitter:card\" content=\"summary_large_image\" \/>\n<meta name=\"twitter:label1\" content=\"Est. reading time\" \/>\n\t<meta name=\"twitter:data1\" content=\"2 minutes\" \/>\n<script type=\"application\/ld+json\" class=\"yoast-schema-graph\">{\"@context\":\"https:\/\/schema.org\",\"@graph\":[{\"@type\":\"WebPage\",\"@id\":\"https:\/\/thanhchinguyen.com\/\",\"url\":\"https:\/\/thanhchinguyen.com\/\",\"name\":\"Hai Tu\u1ea7n Du Ngo\u1ea1n N\u01b0\u1edbc \u00dac - Thanh Nguyen\",\"isPartOf\":{\"@id\":\"https:\/\/thanhchinguyen.com\/#website\"},\"primaryImageOfPage\":{\"@id\":\"https:\/\/thanhchinguyen.com\/#primaryimage\"},\"image\":{\"@id\":\"https:\/\/thanhchinguyen.com\/#primaryimage\"},\"thumbnailUrl\":\"https:\/\/thanhchinguyen.com\/wp-content\/uploads\/2019\/08\/1cover-640x1024.jpg\",\"datePublished\":\"2021-04-14T09:48:14+00:00\",\"dateModified\":\"2025-01-28T03:08:09+00:00\",\"breadcrumb\":{\"@id\":\"https:\/\/thanhchinguyen.com\/#breadcrumb\"},\"inLanguage\":\"en-US\",\"potentialAction\":[{\"@type\":\"ReadAction\",\"target\":[\"https:\/\/thanhchinguyen.com\/\"]}]},{\"@type\":\"ImageObject\",\"inLanguage\":\"en-US\",\"@id\":\"https:\/\/thanhchinguyen.com\/#primaryimage\",\"url\":\"https:\/\/thanhchinguyen.com\/wp-content\/uploads\/2019\/08\/1cover.jpg\",\"contentUrl\":\"https:\/\/thanhchinguyen.com\/wp-content\/uploads\/2019\/08\/1cover.jpg\",\"width\":1563,\"height\":2500},{\"@type\":\"BreadcrumbList\",\"@id\":\"https:\/\/thanhchinguyen.com\/#breadcrumb\",\"itemListElement\":[{\"@type\":\"ListItem\",\"position\":1,\"name\":\"Home\",\"item\":\"https:\/\/thanhchinguyen.com\/\"},{\"@type\":\"ListItem\",\"position\":2,\"name\":\"Hai Tu\u1ea7n Du Ngo\u1ea1n N\u01b0\u1edbc \u00dac\"}]},{\"@type\":\"WebSite\",\"@id\":\"https:\/\/thanhchinguyen.com\/#website\",\"url\":\"https:\/\/thanhchinguyen.com\/\",\"name\":\"Thanh Chi Nguyen\",\"description\":\"\",\"publisher\":{\"@id\":\"https:\/\/thanhchinguyen.com\/#\/schema\/person\/e91d62a0aed52a59cf7c1b2a4ea952d1\"},\"potentialAction\":[{\"@type\":\"SearchAction\",\"target\":{\"@type\":\"EntryPoint\",\"urlTemplate\":\"https:\/\/thanhchinguyen.com\/?s={search_term_string}\"},\"query-input\":{\"@type\":\"PropertyValueSpecification\",\"valueRequired\":true,\"valueName\":\"search_term_string\"}}],\"inLanguage\":\"en-US\"},{\"@type\":[\"Person\",\"Organization\"],\"@id\":\"https:\/\/thanhchinguyen.com\/#\/schema\/person\/e91d62a0aed52a59cf7c1b2a4ea952d1\",\"name\":\"thanh1972\",\"image\":{\"@type\":\"ImageObject\",\"inLanguage\":\"en-US\",\"@id\":\"https:\/\/secure.gravatar.com\/avatar\/e5950aba51b5499151557bbc5711884b79a4da71b1b41e982171ae8b9f92b658?s=96&d=mm&r=g\",\"url\":\"https:\/\/secure.gravatar.com\/avatar\/e5950aba51b5499151557bbc5711884b79a4da71b1b41e982171ae8b9f92b658?s=96&d=mm&r=g\",\"contentUrl\":\"https:\/\/secure.gravatar.com\/avatar\/e5950aba51b5499151557bbc5711884b79a4da71b1b41e982171ae8b9f92b658?s=96&d=mm&r=g\",\"caption\":\"thanh1972\"},\"logo\":{\"@id\":\"https:\/\/secure.gravatar.com\/avatar\/e5950aba51b5499151557bbc5711884b79a4da71b1b41e982171ae8b9f92b658?s=96&d=mm&r=g\"}}]}<\/script>\n<!-- \/ Yoast SEO plugin. -->","yoast_head_json":{"title":"Hai Tu\u1ea7n Du Ngo\u1ea1n N\u01b0\u1edbc \u00dac - Thanh Nguyen","robots":{"index":"index","follow":"follow","max-snippet":"max-snippet:-1","max-image-preview":"max-image-preview:large","max-video-preview":"max-video-preview:-1"},"canonical":"https:\/\/thanhchinguyen.com\/","og_locale":"en_US","og_type":"article","og_title":"Hai Tu\u1ea7n Du Ngo\u1ea1n N\u01b0\u1edbc \u00dac - Thanh Nguyen","og_description":"Cu\u1ed1n s\u00e1ch n\u00e0y ra \u0111\u1eddi ho\u00e0n to\u00e0n t\u00ecnh c\u1edd. V\u00e0o d\u1ecbp Gi\u00e1ng Sinh 2018 v\u00e0 n\u0103m m\u1edbi 2019, t\u00f4i sang \u00dac th\u0103m ch\u1ecb g\u00e1i trong v\u00f2ng hai tu\u1ea7n. Khi \u0111i Sydney ch\u01a1i, t\u00f4i c\u00f3 gh\u00e9 th\u0103m m\u1ed9t ng\u01b0\u1eddi b\u1ea1n h\u1ecdc c\u0169 r\u1ed3i \u0111\u0103ng h\u00ecnh l\u00ean Facebook c\u1ee7a nh\u00f3m. M\u1ed9t ng\u01b0\u1eddi b\u1ea1n \u0111\u00e3 h\u1ecfi th\u00f4ng tin...","og_url":"https:\/\/thanhchinguyen.com\/","og_site_name":"Thanh Nguyen","article_modified_time":"2025-01-28T03:08:09+00:00","og_image":[{"width":640,"height":1024,"url":"https:\/\/thanhchinguyen.com\/wp-content\/uploads\/2019\/08\/1cover-640x1024.jpg","type":"image\/jpeg"}],"twitter_card":"summary_large_image","twitter_misc":{"Est. reading time":"2 minutes"},"schema":{"@context":"https:\/\/schema.org","@graph":[{"@type":"WebPage","@id":"https:\/\/thanhchinguyen.com\/","url":"https:\/\/thanhchinguyen.com\/","name":"Hai Tu\u1ea7n Du Ngo\u1ea1n N\u01b0\u1edbc \u00dac - Thanh Nguyen","isPartOf":{"@id":"https:\/\/thanhchinguyen.com\/#website"},"primaryImageOfPage":{"@id":"https:\/\/thanhchinguyen.com\/#primaryimage"},"image":{"@id":"https:\/\/thanhchinguyen.com\/#primaryimage"},"thumbnailUrl":"https:\/\/thanhchinguyen.com\/wp-content\/uploads\/2019\/08\/1cover-640x1024.jpg","datePublished":"2021-04-14T09:48:14+00:00","dateModified":"2025-01-28T03:08:09+00:00","breadcrumb":{"@id":"https:\/\/thanhchinguyen.com\/#breadcrumb"},"inLanguage":"en-US","potentialAction":[{"@type":"ReadAction","target":["https:\/\/thanhchinguyen.com\/"]}]},{"@type":"ImageObject","inLanguage":"en-US","@id":"https:\/\/thanhchinguyen.com\/#primaryimage","url":"https:\/\/thanhchinguyen.com\/wp-content\/uploads\/2019\/08\/1cover.jpg","contentUrl":"https:\/\/thanhchinguyen.com\/wp-content\/uploads\/2019\/08\/1cover.jpg","width":1563,"height":2500},{"@type":"BreadcrumbList","@id":"https:\/\/thanhchinguyen.com\/#breadcrumb","itemListElement":[{"@type":"ListItem","position":1,"name":"Home","item":"https:\/\/thanhchinguyen.com\/"},{"@type":"ListItem","position":2,"name":"Hai Tu\u1ea7n Du Ngo\u1ea1n N\u01b0\u1edbc \u00dac"}]},{"@type":"WebSite","@id":"https:\/\/thanhchinguyen.com\/#website","url":"https:\/\/thanhchinguyen.com\/","name":"Thanh Chi Nguyen","description":"","publisher":{"@id":"https:\/\/thanhchinguyen.com\/#\/schema\/person\/e91d62a0aed52a59cf7c1b2a4ea952d1"},"potentialAction":[{"@type":"SearchAction","target":{"@type":"EntryPoint","urlTemplate":"https:\/\/thanhchinguyen.com\/?s={search_term_string}"},"query-input":{"@type":"PropertyValueSpecification","valueRequired":true,"valueName":"search_term_string"}}],"inLanguage":"en-US"},{"@type":["Person","Organization"],"@id":"https:\/\/thanhchinguyen.com\/#\/schema\/person\/e91d62a0aed52a59cf7c1b2a4ea952d1","name":"thanh1972","image":{"@type":"ImageObject","inLanguage":"en-US","@id":"https:\/\/secure.gravatar.com\/avatar\/e5950aba51b5499151557bbc5711884b79a4da71b1b41e982171ae8b9f92b658?s=96&d=mm&r=g","url":"https:\/\/secure.gravatar.com\/avatar\/e5950aba51b5499151557bbc5711884b79a4da71b1b41e982171ae8b9f92b658?s=96&d=mm&r=g","contentUrl":"https:\/\/secure.gravatar.com\/avatar\/e5950aba51b5499151557bbc5711884b79a4da71b1b41e982171ae8b9f92b658?s=96&d=mm&r=g","caption":"thanh1972"},"logo":{"@id":"https:\/\/secure.gravatar.com\/avatar\/e5950aba51b5499151557bbc5711884b79a4da71b1b41e982171ae8b9f92b658?s=96&d=mm&r=g"}}]}},"_links":{"self":[{"href":"https:\/\/thanhchinguyen.com\/index.php?rest_route=\/wp\/v2\/pages\/287","targetHints":{"allow":["GET"]}}],"collection":[{"href":"https:\/\/thanhchinguyen.com\/index.php?rest_route=\/wp\/v2\/pages"}],"about":[{"href":"https:\/\/thanhchinguyen.com\/index.php?rest_route=\/wp\/v2\/types\/page"}],"author":[{"embeddable":true,"href":"https:\/\/thanhchinguyen.com\/index.php?rest_route=\/wp\/v2\/users\/1"}],"replies":[{"embeddable":true,"href":"https:\/\/thanhchinguyen.com\/index.php?rest_route=%2Fwp%2Fv2%2Fcomments&post=287"}],"version-history":[{"count":66,"href":"https:\/\/thanhchinguyen.com\/index.php?rest_route=\/wp\/v2\/pages\/287\/revisions"}],"predecessor-version":[{"id":429,"href":"https:\/\/thanhchinguyen.com\/index.php?rest_route=\/wp\/v2\/pages\/287\/revisions\/429"}],"wp:attachment":[{"href":"https:\/\/thanhchinguyen.com\/index.php?rest_route=%2Fwp%2Fv2%2Fmedia&parent=287"}],"curies":[{"name":"wp","href":"https:\/\/api.w.org\/{rel}","templated":true}]}}